{"id":2,"date":"2018-03-07T14:59:57","date_gmt":"2018-03-07T14:59:57","guid":{"rendered":"http:\/\/matsci.chem.u-szeged.hu\/kkmb\/?page_id=2"},"modified":"2018-10-10T13:29:52","modified_gmt":"2018-10-10T13:29:52","slug":"programok","status":"publish","type":"page","link":"http:\/\/matsci.chem.u-szeged.hu\/kkmb\/programok\/","title":{"rendered":"Programok"},"content":{"rendered":"\n<table id=\"tablepress-2\" class=\"tablepress tablepress-id-2\">\n<thead>\n<tr class=\"row-1\">\n\t<th class=\"column-1\" style=\"width:25%;\">Id\u0151pont<\/th><th class=\"column-2\" style=\"width:75%;\">Rendezv\u00e9ny<\/th>\n<\/tr>\n<\/thead>\n<tbody class=\"row-striping row-hover\">\n<tr class=\"row-2\">\n\t<td class=\"column-1\">2025. szeptember 25-26.<\/td><td class=\"column-2\">13. K\u00f6rnyezetk\u00e9miai Szimp\u00f3zium, Gy\u00f6ngy\u00f6s<\/td>\n<\/tr>\n<tr class=\"row-3\">\n\t<td class=\"column-1\">2024. okt\u00f3ber 10-11.<\/td><td class=\"column-2\">12. K\u00f6rnyezetk\u00e9miai Szimp\u00f3zium, Si\u00f3fok<\/td>\n<\/tr>\n<tr class=\"row-4\">\n\t<td class=\"column-1\">2023. szeptember 28.<\/td><td class=\"column-2\">11. K\u00f6rnyezetK\u00e9miai Szimp\u00f3zium, Szeged, Art Hotel - <a href=\"http:\/\/matsci.chem.u-szeged.hu\/kkmb\/wp-content\/uploads\/2024\/01\/11KKSz_absztrakt.pdf\" target=\"_blank\" rel=\"noopener noreferrer\">Konferencia Absztrakt ISBN: 978-963-306-954-7<\/a> - <a href=\"http:\/\/matsci.chem.u-szeged.hu\/kkmb\/wp-content\/uploads\/2024\/01\/11KKSz_csoportkep.jpg\" target=\"_blank\" rel=\"noopener noreferrer\">csoportk\u00e9p<\/a><br \/>\n<\/td>\n<\/tr>\n<tr class=\"row-5\">\n\t<td class=\"column-1\">2023. november 30.<\/td><td class=\"column-2\">Kedves Alfonz PhD v\u00e9d\u00e9s (\u00e9mavezet\u0151: Prof. K\u00f3nya Zolt\u00e1n) Sz\u00e9nalap\u00fa nanoanyagok hat\u00e1sa az aerob granul\u00e1ris iszapos szennyv\u00edztiszt\u00edt\u00e1si technol\u00f3gi\u00e1ra <a href=\"https:\/\/doktori.hu\/index.php?menuid=193&amp;lang=HU&amp;vid=27450&amp;popup=1\" target=\"_blank\" rel=\"noopener noreferrer\">V\u00e9d\u00e9s<\/a><\/td>\n<\/tr>\n<tr class=\"row-6\">\n\t<td class=\"column-1\">2023. m\u00e1jus 9.<\/td><td class=\"column-2\">PhD el\u0151v\u00e9d\u00e9sek (ELTE)<br><br \/>\nPetrovics No\u00e9mi: A kiold\u00f3d\u00e1si folyamatot befoly\u00e1sol\u00f3 param\u00e9terek vizsg\u00e1lata politejsav-alap\u00fa, \u00e9lelmiszerekkel rendeltet\u00e9sszer\u0171en \u00e9rintkez\u00e9sbe ker\u00fcl\u0151 m\u0171anyagok eset\u00e9n (t\u00e9mavezet\u0151: Dr. Eke Zsuzsanna)<br><br \/>\nKirchkeszner Csaba: Adal\u00e9kanyagok kiold\u00f3d\u00e1s\u00e1nak vizsg\u00e1lata polipropil\u00e9n-alap\u00fa \u00e9lelmiszerekkel rendeltet\u00e9sszer\u0171en \u00e9rintkez\u00e9sbe ker\u00fcl\u0151 m\u0171anyagokb\u00f3l (t\u00e9mavezet\u0151: Dr. Eke Zsuzsanna)<br><br \/>\nTh\u00e9n Wanda: A v\u00e1rosi aeroszol \u00e9s higroszk\u00f3pos tulajdons\u00e1gai (t\u00e9mavezet\u0151: Prof. Salma Imre)<\/td>\n<\/tr>\n<tr class=\"row-7\">\n\t<td class=\"column-1\">2022. szeptember 29-30.<\/td><td class=\"column-2\">10. K\u00f6rnyezetK\u00e9miai Szimp\u00f3zium, Si\u00f3fok, Pr\u00e9mium Hotel Panor\u00e1ma  - <a href=\"http:\/\/matsci.chem.u-szeged.hu\/kkmb\/wp-content\/uploads\/2024\/01\/10KKSz_absztrakt.pdf\" target=\"_blank\" rel=\"noopener noreferrer\">Konferencia Absztrakt ISBN: 978-963-306-921-9<\/a> - <a href=\"http:\/\/matsci.chem.u-szeged.hu\/kkmb\/wp-content\/uploads\/2023\/01\/10KKSz_csoportkep.jpg\" target=\"_blank\" rel=\"noopener noreferrer\">csoportk\u00e9p<\/a><br \/>\n<\/td>\n<\/tr>\n<tr class=\"row-8\">\n\t<td class=\"column-1\">2022. m\u00e1rcius 30. (online)<\/td><td class=\"column-2\">Mih\u00e1lyde\u00e1kp\u00e1l Szilvia PhD v\u00e9d\u00e9s (t\u00e9mavezet\u0151: Prof. Hern\u00e1di Kl\u00e1ra, Dr. Pap Zsolt) L\u00e1that\u00f3 f\u00e9nyben akt\u00edv r\u00e9z-alap\u00fa f\u00e9lvezet\u0151k el\u0151\u00e1ll\u00edt\u00e1sa \u00e9s jellemz\u00e9se<br \/>\n<a href=\"https:\/\/doktori.bibl.u-szeged.hu\/id\/eprint\/10994\/\" target=\"_blank\" rel=\"noopener noreferrer\">T\u00e9zisek<\/a><\/td>\n<\/tr>\n<tr class=\"row-9\">\n\t<td class=\"column-1\">2022. m\u00e1rcius 08. (online)<\/td><td class=\"column-2\">V\u00e1ri G\u00e1bor PhD v\u00e9d\u00e9s (t\u00e9mavezet\u0151: Prof. K\u00f3nya Zolt\u00e1n, Dr. \u00d3v\u00e1ri L\u00e1szl\u00f3) F\u00e9m egykrist\u00e1ly fel\u00fcleteken l\u00e9trehozott ultrav\u00e9kony r\u00e9tegek spektroszk\u00f3piai vizsg\u00e1lata<br \/>\n<a href=\"https:\/\/doktori.bibl.u-szeged.hu\/id\/eprint\/11055\/\" target=\"_blank\" rel=\"noopener noreferrer\">T\u00e9zisek<\/a><\/td>\n<\/tr>\n<tr class=\"row-10\">\n\t<td class=\"column-1\">2022. febru\u00e1r 11. (online)<\/td><td class=\"column-2\">Sharma Nikita PhD v\u00e9d\u00e9s (t\u00e9mavezet\u0151: Prof. Hern\u00e1di Kl\u00e1ra, Dr. Pap Zsolt) Synthesis, characterization and photocatalytic activity of BiOX (X = Cl, I, Br) and their composites with carbon nanotubes (CNT)<br \/>\n<a href=\"https:\/\/doktori.bibl.u-szeged.hu\/id\/eprint\/11078\/\" target=\"_blank\" rel=\"noopener noreferrer\">T\u00e9zisek<\/a><\/td>\n<\/tr>\n<tr class=\"row-11\">\n\t<td class=\"column-1\">2022. janu\u00e1r 20. 10:00 (online)<\/td><td class=\"column-2\">B\u00e1rdos Enik\u0151 PhD v\u00e9d\u00e9s (t\u00e9mavezet\u0151: Prof. Hern\u00e1di Kl\u00e1ra, Dr. Pap Zsolt) Bizmut-oxohalogenidek el\u0151\u00e1ll\u00edt\u00e1sa, vizsg\u00e1lata \u00e9s alkalmazhat\u00f3s\u00e1guk l\u00e1that\u00f3 f\u00e9nyben akt\u00edv fotokataliz\u00e1tork\u00e9nt <br \/>\n<a href=\"https:\/\/doktori.bibl.u-szeged.hu\/id\/eprint\/10953\" target=\"_blank\" rel=\"noopener noreferrer\">T\u00e9zisek<\/a><br \/>\n<\/td>\n<\/tr>\n<tr class=\"row-12\">\n\t<td class=\"column-1\">2021. november 10. 10:00 (online)<\/td><td class=\"column-2\">Vizsolyi \u00c9va Cseperke PhD el\u0151v\u00e9d\u00e9s (t\u00e9mavezet\u0151: Prof. Dr. Z\u00e1ray Gyula); <br \/>\nEl\u0151ad\u00e1s c\u00edme: SZERVES OLD\u00d3SZEREKKEL SZENNYEZETT FELSZ\u00cdN ALATTI VIZEK FERR\u00c1TKEZEL\u00c9SE <br \/>\n<a href=\"http:\/\/matsci.chem.u-szeged.hu\/kkmb\/wp-content\/uploads\/2021\/10\/PhD_tezisek_Vizsolyi.pdf\" target=\"_blank\" rel=\"noopener noreferrer\">T\u00e9zisf\u00fczet<\/a><br \/>\n<a href=\"https:\/\/us02web.zoom.us\/j\/81864121188?pwd=R3pTMHVaTEVCbHpYMGRJVEplSUZ4Zz09\" target=\"_blank\" rel=\"noopener noreferrer\">Zoom link<\/a><br \/>\n<\/td>\n<\/tr>\n<tr class=\"row-13\">\n\t<td class=\"column-1\">2021. szeptember 17-18.<\/td><td class=\"column-2\">9. K\u00f6rnyezetK\u00e9miai Szimp\u00f3zium, Si\u00f3fok, Pr\u00e9mium Hotel Panor\u00e1ma - <a href=\"http:\/\/matsci.chem.u-szeged.hu\/kkmb\/wp-content\/uploads\/2021\/09\/9KKSz_program.pdf\" target=\"_blank\" rel=\"noopener noreferrer\">Program<\/a> - <a href=\"http:\/\/matsci.chem.u-szeged.hu\/kkmb\/wp-content\/uploads\/2021\/09\/9KKSz_absztrakt.pdf\" target=\"_blank\" rel=\"noopener noreferrer\">Konferencia Absztrakt ISBN: 978-963-306-819-9<\/a> - <a href=\"http:\/\/matsci.chem.u-szeged.hu\/kkmb\/wp-content\/uploads\/2021\/10\/9KKSZ_Csoportkep.jpg\" target=\"_blank\" rel=\"noopener noreferrer\">csoportk\u00e9p<\/a><br \/>\n<br \/>\n<\/td>\n<\/tr>\n<tr class=\"row-14\">\n\t<td class=\"column-1\">2021. j\u00fanius 14. 15:00 (online)<\/td><td class=\"column-2\">KKMB Tiszt\u00faj\u00edt\u00f3 K\u00f6zgy\u0171l\u00e9s<\/td>\n<\/tr>\n<tr class=\"row-15\">\n\t<td class=\"column-1\">2020. janu\u00e1r 30.<\/td><td class=\"column-2\">MTA KKMB - PhD \u00e9rtekez\u00e9s bemutat\u00e1s - T\u00f3th \u00c1d\u00e1m \"A L\u00c9GK\u00d6RI K\u00c1TR\u00c1NYG\u00d6MB\u00d6K KELETKEZ\u00c9SI MECHANIZMUSA \u00c9S TULAJDONS\u00c1GAI\"; T\u00e9mavezet\u0151: Hoffer Andr\u00e1s, tudom\u00e1nyos f\u0151munkat\u00e1rs (MTA-PE Leveg\u0151k\u00e9miai Kutat\u00f3csoport)<br \/>\n<\/td>\n<\/tr>\n<tr class=\"row-16\">\n\t<td class=\"column-1\">2019. okt\u00f3ber 10-11.<\/td><td class=\"column-2\">8. K\u00f6rnyezetK\u00e9miai Szimp\u00f3zium, Si\u00f3fok, Pr\u00e9mium Hotel Panor\u00e1ma - <a href=\"http:\/\/matsci.chem.u-szeged.hu\/kkmb\/wp-content\/uploads\/2019\/10\/KKMB-program-2019.pdf\" target=\"_blank\" rel=\"noopener noreferrer\">Program<\/a> - <a href=\"http:\/\/matsci.chem.u-szeged.hu\/kkmb\/wp-content\/uploads\/2019\/10\/KKMB-programf%C3%BCzet-2019.pdf\" target=\"_blank\" rel=\"noopener noreferrer\">Konferencia Absztrakt<\/a> - <a href=\"http:\/\/matsci.chem.u-szeged.hu\/kkmb\/wp-content\/uploads\/2019\/10\/Siofok_20191010_Racz_Termalvizek_eloadas.pdf\" target=\"_blank\" rel=\"noopener noreferrer\">R\u00e1cz L\u00e1szl\u00f3 term\u00e1lvizes el\u0151ad\u00e1s<\/a> - <a href=\"http:\/\/matsci.chem.u-szeged.hu\/kkmb\/wp-content\/uploads\/2019\/10\/8KKSZ_Csoportkep.jpg\" target=\"_blank\" rel=\"noopener noreferrer\">csoportk\u00e9p<\/a><br \/>\n<\/td>\n<\/tr>\n<tr class=\"row-17\">\n\t<td class=\"column-1\">2019. \u00e1prilis 25.<\/td><td class=\"column-2\">MTA KKMB \u00e9vind\u00edt\u00f3 el\u0151ad\u00f3i \u00fcl\u00e9s, MTA Titk\u00e1rs\u00e1g Budapest - <a href=\"http:\/\/matsci.chem.u-szeged.hu\/kkmb\/wp-content\/uploads\/2019\/10\/2019-04-25-KKMB_evednyito_ules.pdf\" target=\"_blank\" rel=\"noopener noreferrer\">Program<\/a><\/td>\n<\/tr>\n<tr class=\"row-18\">\n\t<td class=\"column-1\">2018. november 15-16.<\/td><td class=\"column-2\">7. K\u00f6rnyezetK\u00e9miai Szimp\u00f3zium, Si\u00f3fok, Pr\u00e9mium Hotel Panor\u00e1ma - <a href=\"http:\/\/matsci.chem.u-szeged.hu\/kkmb\/wp-content\/uploads\/2018\/10\/7KKSz_Felhivas.pdf\" target=\"_blank\" rel=\"noopener noreferrer\">Felh\u00edv\u00e1s<\/a> - <a href=\"http:\/\/matsci.chem.u-szeged.hu\/kkmb\/wp-content\/uploads\/2018\/10\/7KKSz_Abstract_template.doc\" target=\"_blank\" rel=\"noopener noreferrer\">Absztrakt minta<\/a><\/td>\n<\/tr>\n<tr class=\"row-19\">\n\t<td class=\"column-1\">2018. febru\u00e1r 13.<\/td><td class=\"column-2\">\u00c9vind\u00edt\u00f3 \u00e9s tiszt\u00faj\u00edt\u00f3 \u00fcl\u00e9s, MTA Titk\u00e1rs\u00e1g Budapest - <a href=\"http:\/\/matsci.chem.u-szeged.hu\/kkmb\/wp-content\/uploads\/2018\/03\/7_Kornyezetkem_kut_MTU.pdf\" target=\"_blank\" rel=\"noopener noreferrer\">Program<\/a><\/td>\n<\/tr>\n<tr class=\"row-20\">\n\t<td class=\"column-1\">2017. november 8.<\/td><td class=\"column-2\">K\u00f6rnyezetk\u00e9miai kutat\u00e1sok az \u00e9letmin\u0151s\u00e9g jav\u00edt\u00e1sa \u00e9rdek\u00e9ben, Magyar Tudom\u00e1ny \u00dcnnepe rendezv\u00e9nysorozat, MTA sz\u00e9kh\u00e1z - <a href=\"http:\/\/matsci.chem.u-szeged.hu\/kkmb\/wp-content\/uploads\/2018\/03\/Meghivo20180213.pdf\" target=\"_blank\" rel=\"noopener noreferrer\">Program<\/a><\/td>\n<\/tr>\n<tr class=\"row-21\">\n\t<td class=\"column-1\">2017. okt\u00f3ber 12-13.<\/td><td class=\"column-2\">6. K\u00f6rnyezetK\u00e9miai Szimp\u00f3zium, Bakonyb\u00e9l - <a href=\"http:\/\/matsci.chem.u-szeged.hu\/kkmb\/wp-content\/uploads\/2018\/03\/6KKSz_Kiadvany.pdf\" target=\"_blank\" rel=\"noopener noreferrer\">Kiadv\u00e1ny<\/a> - <a href=\"http:\/\/matsci.chem.u-szeged.hu\/kkmb\/wp-content\/uploads\/2018\/03\/6KKSz_Csoportkep.jpg\" target=\"_blank\" rel=\"noopener noreferrer\">csoportk\u00e9p<\/a><\/td>\n<\/tr>\n<tr class=\"row-22\">\n\t<td class=\"column-1\">2017. febru\u00e1r 28.<\/td><td class=\"column-2\">\u00c9vind\u00edt\u00f3 el\u0151ad\u00f3i \u00fcl\u00e9s, MTA Titk\u00e1rs\u00e1g Budapest - <a href=\"http:\/\/matsci.chem.u-szeged.hu\/kkmb\/wp-content\/uploads\/2018\/03\/Meghivo20170228.pdf\" target=\"_blank\" rel=\"noopener noreferrer\">Program<\/a><\/td>\n<\/tr>\n<tr class=\"row-23\">\n\t<td class=\"column-1\">2016. okt\u00f3ber 6-7.<\/td><td class=\"column-2\">5. K\u00f6rnyezetK\u00e9miai Szimp\u00f3zium, Tihany - <a href=\"http:\/\/matsci.chem.u-szeged.hu\/kkmb\/wp-content\/uploads\/2018\/03\/5KKSz_Kiadvany.pdf\" target=\"_blank\" rel=\"noopener noreferrer\">Kiadv\u00e1ny<\/a> - <a href=\"http:\/\/matsci.chem.u-szeged.hu\/kkmb\/wp-content\/uploads\/2018\/03\/5KKSz_Csoportkep.jpg\" target=\"_blank\" rel=\"noopener noreferrer\">csoportk\u00e9p<\/a><\/td>\n<\/tr>\n<tr class=\"row-24\">\n\t<td class=\"column-1\">2016. m\u00e1jus 26.<\/td><td class=\"column-2\">MTA KKMB \u00e9s MKE Magyar Aeroszol T\u00e1rsas\u00e1g tematikus el\u0151ad\u00f3i \u00fcl\u00e9s, ELTE Budapest - <a href=\"http:\/\/matsci.chem.u-szeged.hu\/kkmb\/wp-content\/uploads\/2018\/03\/Meghivo20160526.pdf\" target=\"_blank\" rel=\"noopener noreferrer\">Program<\/a><\/td>\n<\/tr>\n<tr class=\"row-25\">\n\t<td class=\"column-1\">2016. febru\u00e1r 4.<\/td><td class=\"column-2\">\u00c9vind\u00edt\u00f3 el\u0151ad\u00f3i \u00fcl\u00e9s, ELTE Budapest - <a href=\"http:\/\/matsci.chem.u-szeged.hu\/kkmb\/wp-content\/uploads\/2018\/03\/Meghivo20160204.pdf\" target=\"_blank\" rel=\"noopener noreferrer\">Program<\/a><\/td>\n<\/tr>\n<tr class=\"row-26\">\n\t<td class=\"column-1\">2015. okt\u00f3ber 8-9.<\/td><td class=\"column-2\">4. K\u00f6rnyezetK\u00e9miai Szimp\u00f3zium, Tata - <a href=\"http:\/\/matsci.chem.u-szeged.hu\/kkmb\/wp-content\/uploads\/2018\/03\/4KKSz_Kiadvany-1.pdf\" target=\"_blank\" rel=\"noopener noreferrer\">Kiadv\u00e1ny<\/a> - <a href=\"http:\/\/matsci.chem.u-szeged.hu\/kkmb\/wp-content\/uploads\/2018\/03\/4KKSz_Csoportkep.jpg\" target=\"_blank\" rel=\"noopener noreferrer\">csoportk\u00e9p<\/a><\/td>\n<\/tr>\n<tr class=\"row-27\">\n\t<td class=\"column-1\">2015.<\/td><td class=\"column-2\">\u00c9vind\u00edt\u00f3, tiszt\u00faj\u00edt\u00f3 \u00e9s kihelyezett el\u0151ad\u00f3i \u00fcl\u00e9s<\/td>\n<\/tr>\n<tr class=\"row-28\">\n\t<td class=\"column-1\">2014. okt\u00f3ber 9-10.<\/td><td class=\"column-2\">3. K\u00f6rnyezetK\u00e9miai Szimp\u00f3zium, Lajosmizse - <a href=\"http:\/\/matsci.chem.u-szeged.hu\/kkmb\/wp-content\/uploads\/2018\/03\/3KKSz_Kiadvany-1.pdf\" target=\"_blank\" rel=\"noopener noreferrer\">Kiadv\u00e1ny<\/a> - <a href=\"http:\/\/matsci.chem.u-szeged.hu\/kkmb\/wp-content\/uploads\/2018\/03\/3KKSz_Csoportkep.jpg\" target=\"_blank\" rel=\"noopener noreferrer\">csoportk\u00e9p<\/a><\/td>\n<\/tr>\n<tr class=\"row-29\">\n\t<td class=\"column-1\">2014. febru\u00e1r 5.<\/td><td class=\"column-2\">\u00c9vind\u00edt\u00f3 el\u0151ad\u00f3i \u00fcl\u00e9s, MTA Titk\u00e1rs\u00e1g Budapest - <a href=\"http:\/\/matsci.chem.u-szeged.hu\/kkmb\/wp-content\/uploads\/2018\/03\/Meghivo20140205.pdf\" target=\"_blank\" rel=\"noopener noreferrer\">Program<\/a><\/td>\n<\/tr>\n<tr class=\"row-30\">\n\t<td class=\"column-1\">2013. okt\u00f3ber 10-11.<\/td><td class=\"column-2\">2. K\u00f6rnyezetK\u00e9miai Szimp\u00f3zium, Dobog\u00f3k\u0151 - <a href=\"http:\/\/matsci.chem.u-szeged.hu\/kkmb\/wp-content\/uploads\/2018\/03\/2KKSZ_Kiadvany-1.pdf\" target=\"_blank\" rel=\"noopener noreferrer\">Kiadv\u00e1ny<\/a> - <a href=\"http:\/\/matsci.chem.u-szeged.hu\/kkmb\/wp-content\/uploads\/2018\/03\/2KKSz_Csoportkep.jpg\" target=\"_blank\" rel=\"noopener noreferrer\">csoportk\u00e9p<\/a><\/td>\n<\/tr>\n<tr class=\"row-31\">\n\t<td class=\"column-1\">2013. m\u00e1rcius 11.<\/td><td class=\"column-2\">\u00c9vind\u00edt\u00f3 el\u0151ad\u00f3i \u00fcl\u00e9s, MTA Titk\u00e1rs\u00e1g Budapest - <a href=\"http:\/\/matsci.chem.u-szeged.hu\/kkmb\/wp-content\/uploads\/2018\/03\/Meghivo20130311.pdf\" target=\"_blank\" rel=\"noopener noreferrer\">Program<\/a><\/td>\n<\/tr>\n<tr class=\"row-32\">\n\t<td class=\"column-1\">2012. okt\u00f3ber 10-12.<\/td><td class=\"column-2\">1. K\u00f6rnyezetK\u00e9miai Szimp\u00f3zium, M\u00e1trah\u00e1za - <a href=\"http:\/\/matsci.chem.u-szeged.hu\/kkmb\/wp-content\/uploads\/2018\/03\/1KKSz_Kiadvany-1.pdf\" target=\"_blank\" rel=\"noopener noreferrer\">Kiadv\u00e1ny<\/a> - csoportk\u00e9p<\/td>\n<\/tr>\n<tr class=\"row-33\">\n\t<td class=\"column-1\">2012. m\u00e1jus 10.<\/td><td class=\"column-2\">MTA KKMB \u00e9s MKE Magyar Aeroszol T\u00e1rsas\u00e1g tematikus el\u0151ad\u00f3i \u00fcl\u00e9s, ELTE Budapest - <a href=\"http:\/\/matsci.chem.u-szeged.hu\/kkmb\/wp-content\/uploads\/2018\/03\/Meghivo20120510.pdf\" target=\"_blank\" rel=\"noopener noreferrer\">Program<\/a><\/td>\n<\/tr>\n<tr class=\"row-34\">\n\t<td class=\"column-1\">2012. Janu\u00e1r 26.<\/td><td class=\"column-2\">KKMB alakul\u00f3 \u00fcl\u00e9s, MTA Titk\u00e1rs\u00e1g, Budapest - <a href=\"http:\/\/matsci.chem.u-szeged.hu\/kkmb\/wp-content\/uploads\/2018\/03\/Meghivo20120126_alakulo_ules.pdf\" target=\"_blank\" rel=\"noopener noreferrer\">Program<\/a><\/td>\n<\/tr>\n<\/tbody>\n<\/table>\n\n","protected":false},"excerpt":{"rendered":"","protected":false},"author":1,"featured_media":88,"parent":0,"menu_order":0,"comment_status":"closed","ping_status":"open","template":"page-templates\/page_fullwidth.php","meta":{"footnotes":""},"class_list":["post-2","page","type-page","status-publish","has-post-thumbnail","hentry"],"_links":{"self":[{"href":"http:\/\/matsci.chem.u-szeged.hu\/kkmb\/wp-json\/wp\/v2\/pages\/2","targetHints":{"allow":["GET"]}}],"collection":[{"href":"http:\/\/matsci.chem.u-szeged.hu\/kkmb\/wp-json\/wp\/v2\/pages"}],"about":[{"href":"http:\/\/matsci.chem.u-szeged.hu\/kkmb\/wp-json\/wp\/v2\/types\/page"}],"author":[{"embeddable":true,"href":"http:\/\/matsci.chem.u-szeged.hu\/kkmb\/wp-json\/wp\/v2\/users\/1"}],"replies":[{"embeddable":true,"href":"http:\/\/matsci.chem.u-szeged.hu\/kkmb\/wp-json\/wp\/v2\/comments?post=2"}],"version-history":[{"count":78,"href":"http:\/\/matsci.chem.u-szeged.hu\/kkmb\/wp-json\/wp\/v2\/pages\/2\/revisions"}],"predecessor-version":[{"id":4635,"href":"http:\/\/matsci.chem.u-szeged.hu\/kkmb\/wp-json\/wp\/v2\/pages\/2\/revisions\/4635"}],"wp:featuredmedia":[{"embeddable":true,"href":"http:\/\/matsci.chem.u-szeged.hu\/kkmb\/wp-json\/wp\/v2\/media\/88"}],"wp:attachment":[{"href":"http:\/\/matsci.chem.u-szeged.hu\/kkmb\/wp-json\/wp\/v2\/media?parent=2"}],"curies":[{"name":"wp","href":"https:\/\/api.w.org\/{rel}","templated":true}]}}